{"id":8674,"date":"2023-04-03T14:49:29","date_gmt":"2023-04-03T14:49:29","guid":{"rendered":"https:\/\/masseriabambarone.com\/?page_id=8674"},"modified":"2025-02-27T12:33:51","modified_gmt":"2025-02-27T12:33:51","slug":"privacy","status":"publish","type":"page","link":"https:\/\/www.masseriabambarone.com\/de\/privacy\/","title":{"rendered":"Datenschutz"},"content":{"rendered":"\n<p>Wir erheben, verarbeiten und nutzen Ihre pers\u00f6nlichen Daten unter Beachtung des Datenschutzes. Ihre Datenschutzrechte sind unsere oberste Priorit\u00e4t. Bambarone La Masseria ist bestrebt, diese Rechte zu sch\u00fctzen.<\/p>\n\n\n\n<p>Diese Datenschutzrichtlinie bezieht sich auf die Erhebung und Verwendung personenbezogener Daten, die bei der Kontaktaufnahme mit uns anfallen k\u00f6nnen, z. B. wenn Sie unsere Website besuchen, sich \u00fcber unsere Dienstleistungen informieren oder diese buchen oder wenn Sie uns anrufen. Wir erheben, verarbeiten und nutzen Ihre personenbezogenen Daten nur mit Ihrer Einwilligung oder soweit dies gesetzlich zul\u00e4ssig ist.<\/p>\n\n\n\n<p>Durch die Nutzung unserer Dienste und die Erteilung der Einwilligung im Rahmen dieser Richtlinie best\u00e4tigen Sie, dass Sie \u00fcber 16 Jahre alt sind oder dass eine wirksame Einwilligung durch einen Elternteil, Erziehungsberechtigten oder Vormund erteilt wurde.<\/p>\n\n\n\n<div style=\"height:60px\" aria-hidden=\"true\" class=\"wp-block-spacer\"><\/div>\n\n\n\n<h2 class=\"wp-block-heading h5\">1) Was sind personenbezogene Daten?<\/h2>\n\n\n\n<div style=\"height:20px\" aria-hidden=\"true\" class=\"wp-block-spacer\"><\/div>\n\n\n\n<ul>\n<li>Der Begriff \u201epersonenbezogene Daten\u201c bezieht sich auf Einzelangaben \u00fcber pers\u00f6nliche oder sachliche Verh\u00e4ltnisse einer bestimmten oder bestimmbaren nat\u00fcrlichen Person. Dazu k\u00f6nnen geh\u00f6ren:<\/li>\n\n\n\n<li>Ihre Stammdaten (Name, Vorname, Adresse, E-Mail Adresse, Telefonnummer, Geburtsdatum),<\/li>\n\n\n\n<li>Informationen in Reisedokumenten (Passnummer, Staatsangeh\u00f6rigkeit und ausstellende Beh\u00f6rde),<\/li>\n\n\n\n<li>Zahlungsart und -daten (z. B. Kreditkarte oder Bankverbindung),<\/li>\n\n\n\n<li>Gew\u00fcnschte Aufenthaltsdauer, besondere Leistungen, pers\u00f6nliche Pr\u00e4ferenzen, Gesundheitsdaten oder andere relevante Informationen.<\/li>\n<\/ul>\n\n\n\n<div style=\"height:60px\" aria-hidden=\"true\" class=\"wp-block-spacer\"><\/div>\n\n\n\n<h2 class=\"wp-block-heading h5\">2) Warum sammelt Bambarone La Masseria pers\u00f6nliche Daten?<\/h2>\n\n\n\n<div style=\"height:20px\" aria-hidden=\"true\" class=\"wp-block-spacer\"><\/div>\n\n\n\n<p>Bambarone La Masseria sammelt und verwendet Ihre pers\u00f6nlichen Daten, um einen vorbildlichen Kundenservice zu bieten, einen bequemen Zugang zu unserer Website zu gew\u00e4hrleisten und eine Reihe von Dienstleistungen anzubieten. Dar\u00fcber hinaus helfen uns Ihre pers\u00f6nlichen Daten, Sie \u00fcber die neuesten Angebote und Entwicklungen auf dem Laufenden zu halten.<\/p>\n\n\n\n<div style=\"height:60px\" aria-hidden=\"true\" class=\"wp-block-spacer\"><\/div>\n\n\n\n<h2 class=\"wp-block-heading h5\">3) Erhebung, Verarbeitung und Nutzung von personenbezogenen Daten<\/h2>\n\n\n\n<div style=\"height:20px\" aria-hidden=\"true\" class=\"wp-block-spacer\"><\/div>\n\n\n\n<p>(1) Personenbezogene Daten werden bei Ihren Anfragen, Reservierungen, Buchungen (auch online) und Gutscheinbuchungen erhoben.<br>(2) W\u00e4hrend Ihres Aufenthaltes k\u00f6nnen wir zus\u00e4tzliche Daten (z.B. Vorlieben oder W\u00fcnsche) erheben, um Ihr Erlebnis zu verbessern.<br>(3) Die Daten werden auf Grundlage der folgenden Punkte verarbeitet:<\/p>\n\n\n\n<ul>\n<li>Erf\u00fcllung von vorvertraglichen und vertraglichen Pflichten,<\/li>\n\n\n\n<li>Ihre Einwilligung,<\/li>\n\n\n\n<li>Gesetzliche Verpflichtungen (Buchhaltung, Steuern, Zollrecht, Berichterstattung),<\/li>\n\n\n\n<li>berechtigte Interessen (Verbesserung des Kundendienstes und Marketing).<\/li>\n<\/ul>\n\n\n\n<div style=\"height:20px\" aria-hidden=\"true\" class=\"wp-block-spacer\"><\/div>\n\n\n\n<p class=\"text-justify\">(4) Die Daten werden nur f\u00fcr den Zweck verwendet, f\u00fcr den sie erhoben wurden.<br>(5) Eine Verarbeitung Ihrer Daten zu Werbezwecken erfolgt nur mit Ihrer Einwilligung oder soweit gesetzlich zul\u00e4ssig.<br>(6) Die Aufbewahrung der Daten richtet sich nach der Dauer der Gesch\u00e4ftsbeziehung, Ihrer Einwilligung und den geltenden gesetzlichen Bestimmungen.<br>(7) Bei Bewerbungen werden wir Ihre Daten nur f\u00fcr diesen Zweck erheben und verarbeiten und sp\u00e4testens sechs Monate nach Erhalt l\u00f6schen, es sei denn, Sie erteilen uns die Erlaubnis, die Daten f\u00fcr k\u00fcnftige Bewerbungen aufzubewahren.<\/p>\n\n\n\n<div style=\"height:60px\" aria-hidden=\"true\" class=\"wp-block-spacer\"><\/div>\n\n\n\n<h2 class=\"wp-block-heading h5\">4) Rundbriefe<\/h2>\n\n\n\n<div style=\"height:20px\" aria-hidden=\"true\" class=\"wp-block-spacer\"><\/div>\n\n\n\n<p>(1) Wenn Sie sich f\u00fcr unseren Newsletter anmelden, verwenden wir Ihre E-Mail-Adresse f\u00fcr diesen Zweck, bis Sie sich abmelden.<br>(2) Bei der Anmeldung zum Newsletter wird ein Double-Opt-In-Verfahren eingesetzt, um Ihre Zustimmung sicherzustellen.<br>(3) Sie k\u00f6nnen sich jederzeit \u00fcber den Abmeldelink in der E-Mail oder auf unserer Website abmelden.<br>(4) Wir \u00fcbernehmen keine Gew\u00e4hr f\u00fcr die Vollst\u00e4ndigkeit, Richtigkeit und Aktualit\u00e4t der bereitgestellten Inhalte.<\/p>\n\n\n\n<div style=\"height:60px\" aria-hidden=\"true\" class=\"wp-block-spacer\"><\/div>\n\n\n\n<h2 class=\"wp-block-heading h5\">5) Daten\u00fcbermittlung an Dritte<\/h2>\n\n\n\n<div style=\"height:20px\" aria-hidden=\"true\" class=\"wp-block-spacer\"><\/div>\n\n\n\n<p>(1) Eine Weitergabe von Daten an Dritte erfolgt nur, wenn dies gesetzlich vorgeschrieben ist, zur Erf\u00fcllung vertraglicher Verpflichtungen oder wenn ein Dienst die Einschaltung Dritter erfordert (z.B. Buchungsdienste).<br>(2) Wir nutzen Octorate als Anbieter unseres Buchungssystems. Die w\u00e4hrend des Buchungsvorgangs eingegebenen Daten werden sicher \u00fcbertragen.<br>(3) Wir beauftragen Auftragsverarbeiter (z. B. Hosting-Dienste und Agenturen), die im Rahmen ihrer Dienstleistungen Zugang zu Ihren Daten erhalten k\u00f6nnen. Diese sind an Datenschutzvereinbarungen gebunden.<\/p>\n\n\n\n<div style=\"height:60px\" aria-hidden=\"true\" class=\"wp-block-spacer\"><\/div>\n\n\n\n<h2 class=\"wp-block-heading h5\">6) Cookies<\/h2>\n\n\n\n<div style=\"height:20px\" aria-hidden=\"true\" class=\"wp-block-spacer\"><\/div>\n\n\n\n<p>Unsere Website verwendet Cookies, um die Benutzerfreundlichkeit zu verbessern. Cookies erm\u00f6glichen es uns, Ihren Browser zu erkennen und das Nutzerverhalten zu analysieren. Sie k\u00f6nnen Ihre Browsereinstellungen anpassen, um die Verwendung von Cookies zu kontrollieren.<\/p>\n\n\n\n<p>So verwalten oder deaktivieren Sie Cookies in g\u00e4ngigen Browsern:<\/p>\n\n\n\n<ul>\n<li><strong>Firefox: <\/strong>Gehen Sie zu \u201eDatenschutz und Sicherheit\u201c &gt; \u201eVerlauf\u201c &gt; \u201eBenutzerdefinierte Einstellungen verwenden\u201c &gt; Cookies deaktivieren.<\/li>\n\n\n\n<li><strong>Internet Explorer: <\/strong>Gehen Sie zu \u201eDatenschutz\u201c &gt; \u201eCookies\u201c &gt; Cookies deaktivieren.<\/li>\n\n\n\n<li><strong>Chrome: <\/strong>Gehen Sie zu \u201eDatenschutz und Sicherheit\u201c &gt; \u201eInhaltseinstellungen\u201c &gt; Cookies deaktivieren.<\/li>\n\n\n\n<li><strong>Safari: <\/strong>Gehen Sie zu &#8218;Datenschutz&#8216; &gt; Cookie-Einstellungen verwalten.<\/li>\n<\/ul>\n\n\n\n<div style=\"height:60px\" aria-hidden=\"true\" class=\"wp-block-spacer\"><\/div>\n\n\n\n<h2 class=\"wp-block-heading h5\">7) Verwendung von Google Analytics<\/h2>\n\n\n\n<div style=\"height:20px\" aria-hidden=\"true\" class=\"wp-block-spacer\"><\/div>\n\n\n\n<p>Unsere Website verwendet Google Analytics, um die Website-Aktivit\u00e4ten zu analysieren. Google sammelt Daten wie Ihre IP-Adresse, um Nutzungsberichte zu erstellen. Wir haben die IP-Anonymisierung aktiviert, d. h. Ihre IP-Adresse wird innerhalb der EU gek\u00fcrzt, bevor sie an Google \u00fcbertragen wird. Sie k\u00f6nnen die Erfassung durch Google Analytics verhindern, indem Sie Ihre Browsereinstellungen anpassen oder die bereitgestellten Opt-out-Tools verwenden.<\/p>\n\n\n\n<div style=\"height:60px\" aria-hidden=\"true\" class=\"wp-block-spacer\"><\/div>\n\n\n\n<h2 class=\"wp-block-heading h5\">8) Integration von Social-Media-Plug-ins<\/h2>\n\n\n\n<div style=\"height:20px\" aria-hidden=\"true\" class=\"wp-block-spacer\"><\/div>\n\n\n\n<p>Auf unserer Website sind Social-Media-Plug-ins von Plattformen wie Facebook, LinkedIn und Pinterest integriert. Wenn Sie bei diesen Plattformen eingeloggt sind und ein Social Media Plug-in anklicken, k\u00f6nnen Daten an die jeweilige Plattform \u00fcbertragen und von dieser verarbeitet werden.<\/p>\n\n\n\n<div style=\"height:60px\" aria-hidden=\"true\" class=\"wp-block-spacer\"><\/div>\n\n\n\n<h2 class=\"wp-block-heading h5\">9) Google Remarketing<\/h2>\n\n\n\n<div style=\"height:20px\" aria-hidden=\"true\" class=\"wp-block-spacer\"><\/div>\n\n\n\n<p>Wir nutzen die Remarketing-Dienste von Google, um gezielte Werbung auf der Grundlage Ihrer fr\u00fcheren Interaktionen mit unserer Website anzuzeigen. Google verwendet Cookies, um anonymisierte Daten zu sammeln. Sie k\u00f6nnen sich dagegen entscheiden, indem Sie Ihre Anzeigeneinstellungen \u00fcber Google oder Plattformen Dritter anpassen.<\/p>\n\n\n\n<div style=\"height:60px\" aria-hidden=\"true\" class=\"wp-block-spacer\"><\/div>\n\n\n\n<h2 class=\"wp-block-heading h5\">10) Ihre Rechte<\/h2>\n\n\n\n<div style=\"height:20px\" aria-hidden=\"true\" class=\"wp-block-spacer\"><\/div>\n\n\n\n<p>Sie haben das Recht, Ihre bei uns gespeicherten personenbezogenen Daten einzusehen, zu berichtigen, einzuschr\u00e4nken oder zu l\u00f6schen. Sie k\u00f6nnen Ihre Zustimmung zur Verarbeitung Ihrer personenbezogenen Daten f\u00fcr Marketingzwecke jederzeit widerrufen. F\u00fcr Anfragen wenden Sie sich bitte an uns \u00fcber welcome@masseriabambarone.com.<\/p>\n\n\n\n<div style=\"height:60px\" aria-hidden=\"true\" class=\"wp-block-spacer\"><\/div>\n\n\n\n<h2 class=\"wp-block-heading h5\">11) Sonstiges<\/h2>\n\n\n\n<div style=\"height:20px\" aria-hidden=\"true\" class=\"wp-block-spacer\"><\/div>\n\n\n\n<p>Wir behalten uns das Recht vor, diese Datenschutzrichtlinie zu \u00e4ndern, um sie an ge\u00e4nderte Vorschriften oder Dienstleistungen anzupassen. Die aktuelle Version ist immer auf unserer Website verf\u00fcgbar.<\/p>\n\n\n\n<p>Verantwortlicher im Sinne des Datenschutzgesetzes:<\/p>\n\n\n\n<div style=\"height:20px\" aria-hidden=\"true\" class=\"wp-block-spacer\"><\/div>\n\n\n\n<p><strong>Bambarone La Masseria<\/strong><br>Contrada Lamascopone, 16,<br>72015 Fasano, BR, Italy<br>welcome@masseriabambarone.com<br>+39 391 3512770<\/p>\n\n\n\n<div style=\"height:40px\" aria-hidden=\"true\" class=\"wp-block-spacer\"><\/div>\n\n\n\n<div style=\"height:200px\" aria-hidden=\"true\" class=\"wp-block-spacer\"><\/div>\n","protected":false},"excerpt":{"rendered":"<p>Wir erheben, verarbeiten und nutzen Ihre pers\u00f6nlichen Daten unter Beachtung des Datenschutzes. Ihre Datenschutzrechte sind unsere oberste Priorit\u00e4t. Bambarone La Masseria ist bestrebt, diese Rechte zu sch\u00fctzen. Diese Datenschutzrichtlinie bezieht sich auf die Erhebung und Verwendung personenbezogener Daten, die bei der Kontaktaufnahme mit uns anfallen k\u00f6nnen, z. B. wenn Sie unsere Website besuchen, sich \u00fcber [&hellip;]<\/p>\n","protected":false},"author":1,"featured_media":0,"parent":0,"menu_order":49,"comment_status":"closed","ping_status":"closed","template":"","meta":{"_monsterinsights_skip_tracking":false,"_monsterinsights_sitenote_active":false,"_monsterinsights_sitenote_note":"","_monsterinsights_sitenote_category":0,"footnotes":""},"acf":[],"aioseo_notices":[],"_links":{"self":[{"href":"https:\/\/www.masseriabambarone.com\/de\/wp-json\/wp\/v2\/pages\/8674"}],"collection":[{"href":"https:\/\/www.masseriabambarone.com\/de\/wp-json\/wp\/v2\/pages"}],"about":[{"href":"https:\/\/www.masseriabambarone.com\/de\/wp-json\/wp\/v2\/types\/page"}],"author":[{"embeddable":true,"href":"https:\/\/www.masseriabambarone.com\/de\/wp-json\/wp\/v2\/users\/1"}],"replies":[{"embeddable":true,"href":"https:\/\/www.masseriabambarone.com\/de\/wp-json\/wp\/v2\/comments?post=8674"}],"version-history":[{"count":13,"href":"https:\/\/www.masseriabambarone.com\/de\/wp-json\/wp\/v2\/pages\/8674\/revisions"}],"predecessor-version":[{"id":10251,"href":"https:\/\/www.masseriabambarone.com\/de\/wp-json\/wp\/v2\/pages\/8674\/revisions\/10251"}],"wp:attachment":[{"href":"https:\/\/www.masseriabambarone.com\/de\/wp-json\/wp\/v2\/media?parent=8674"}],"curies":[{"name":"wp","href":"https:\/\/api.w.org\/{rel}","templated":true}]}}